{"id":585,"date":"2025-10-22T12:36:47","date_gmt":"2025-10-22T15:36:47","guid":{"rendered":"https:\/\/psicoeducandonos.org\/index.php\/members\/"},"modified":"2025-10-23T17:42:57","modified_gmt":"2025-10-23T20:42:57","slug":"directorio","status":"publish","type":"page","link":"https:\/\/psicoeducandonos.org\/index.php\/directorio\/","title":{"rendered":"Directorio"},"content":{"rendered":"\n<div style=\"height:90px\" aria-hidden=\"true\" class=\"wp-block-spacer\"><\/div>\n\n\n\n<h2 class=\"wp-block-heading has-text-align-center has-x-large-font-size\">Directorio Profesional<\/h2>\n\n\n<script type=\"text\/template\" id=\"tmpl-um-member-grid-Pl4r4\">\n\t<div class=\"um-members um-members-grid\">\n\t\t<div class=\"um-gutter-sizer\"><\/div>\n\n\t\t<# if ( data.length > 0 ) { #>\n\t\t\t<# _.each( data, function( user, key, list ) { #>\n\n\t\t\t\t<div id=\"um-member-{{{user.card_anchor}}}-Pl4r4\" class=\"um-member um-role-{{{user.role}}} {{{user.account_status}}} \">\n\n\t\t\t\t\t<span class=\"um-member-status {{{user.account_status}}}\">\n\t\t\t\t\t\t{{{user.account_status_name}}}\n\t\t\t\t\t<\/span>\n\n\t\t\t\t\t\t\t\t\t\t\t<div class=\"um-member-photo radius-1\">\n\t\t\t\t\t\t\t<a href=\"{{{user.profile_url}}}\" title=\"<# if ( user.display_name ) { #>{{{user.display_name}}}<# } #>\">\n\t\t\t\t\t\t\t\t{{{user.avatar}}}\n\t\t\t\t\t\t\t\t\t\t\t\t\t\t\t<\/a>\n\t\t\t\t\t\t<\/div>\n\t\t\t\t\t\n\n\t\t\t\t\t<div class=\"um-member-card \">\n\t\t\t\t\t\t\t\t\t\t\t\t\t<# if ( user.display_name_html ) { #>\n\t\t\t\t\t\t\t\t<div class=\"um-member-name\">\n\t\t\t\t\t\t\t\t\t<a href=\"{{{user.profile_url}}}\" title=\"{{{user.display_name}}}\">\n\t\t\t\t\t\t\t\t\t\t{{{user.display_name_html}}}\n\t\t\t\t\t\t\t\t\t<\/a>\n\t\t\t\t\t\t\t\t<\/div>\n\t\t\t\t\t\t\t<# } #>\n\t\t\t\t\t\t\t\t\t\t\t\t{{{user.hook_just_after_name}}}\n\n\n\t\t\t\t\t\t<# if ( user.can_edit ) { #>\n\t\t\t\t\t\t\t<div class=\"um-members-edit-btn\">\n\t\t\t\t\t\t\t\t<a href=\"{{{user.edit_profile_url}}}\" class=\"um-edit-profile-btn um-button um-alt\">\n\t\t\t\t\t\t\t\t\tEditar el perfil\t\t\t\t\t\t\t\t<\/a>\n\t\t\t\t\t\t\t<\/div>\n\t\t\t\t\t\t<# } #>\n\n\n\t\t\t\t\t\t\t\t\t\t\t\t{{{user.hook_after_user_name}}}\n\n\n\t\t\t\t\t\t\n\t\t\t\t\t\t\t\t<# if ( typeof user['description'] !== 'undefined' ) { #>\n\t\t\t\t\t\t\t\t\t<div class=\"um-member-tagline um-member-tagline-description\"\n\t\t\t\t\t\t\t\t\t     data-key=\"description\">\n\t\t\t\t\t\t\t\t\t\t{{{user['description']}}}\n\t\t\t\t\t\t\t\t\t<\/div>\n\t\t\t\t\t\t\t\t<# } #>\n\n\t\t\t\t\t\t\t\n\t\t\t\t\t\t\t<# var $show_block = false; #>\n\n\t\t\t\t\t\t\t\t\t\t\t\t\t\t\t<# if ( typeof user['country'] !== 'undefined' ) {\n\t\t\t\t\t\t\t\t\t$show_block = true;\n\t\t\t\t\t\t\t\t} #>\n\t\t\t\t\t\t\t\n\t\t\t\t\t\t\t<# if ( $show_block ) { #>\n\t\t\t\t\t\t\t\t<div class=\"um-member-meta-main\">\n\n\t\t\t\t\t\t\t\t\t\t\t\t\t\t\t\t\t\t\t<div class=\"um-member-more\">\n\t\t\t\t\t\t\t\t\t\t\t<a href=\"javascript:void(0);\"><i class=\"um-faicon-angle-down\"><\/i><\/a>\n\t\t\t\t\t\t\t\t\t\t<\/div>\n\t\t\t\t\t\t\t\t\t\n\t\t\t\t\t\t\t\t\t<div class=\"um-member-meta \">\n\n\t\t\t\t\t\t\t\t\t\t\n\t\t\t\t\t\t\t\t\t\t\t<# if ( typeof user['country'] !== 'undefined' ) { #>\n\t\t\t\t\t\t\t\t\t\t\t\t<div class=\"um-member-metaline um-member-metaline-country\">\n\t\t\t\t\t\t\t\t\t\t\t\t\t<strong>{{{user['label_country']}}}:<\/strong> {{{user['country']}}}\n\t\t\t\t\t\t\t\t\t\t\t\t<\/div>\n\t\t\t\t\t\t\t\t\t\t\t<# } #>\n\n\t\t\t\t\t\t\t\t\t\t\t\t\t\t\t\t\t\t\t<\/div>\n\n\t\t\t\t\t\t\t\t\t\t\t\t\t\t\t\t\t\t\t<div class=\"um-member-less\">\n\t\t\t\t\t\t\t\t\t\t\t<a href=\"javascript:void(0);\"><i class=\"um-faicon-angle-up\"><\/i><\/a>\n\t\t\t\t\t\t\t\t\t\t<\/div>\n\t\t\t\t\t\t\t\t\t\t\t\t\t\t\t\t\t<\/div>\n\t\t\t\t\t\t\t<# } #>\n\t\t\t\t\t\t\n\t\t\t\t\t<\/div>\n\t\t\t\t<\/div>\n\n\t\t\t<# }); #>\n\t\t<# } else { #>\n\n\t\t\t<div class=\"um-members-none\">\n\t\t\t\t<p>We are sorry. We cannot find any users who match your search criteria.<\/p>\n\t\t\t<\/div>\n\n\t\t<# } #>\n\n\t\t<div class=\"um-clear\"><\/div>\n\t<\/div>\n<\/script>\n<script type=\"text\/template\" id=\"tmpl-um-member-list-Pl4r4\">\n\t<div class=\"um-members um-members-list\">\n\n\t\t<# if ( data.length > 0 ) { #>\n\t\t\t<# _.each( data, function( user, key, list ) { #>\n\n\t\t\t\t<div id=\"um-member-{{{user.card_anchor}}}-Pl4r4\" class=\"um-member um-role-{{{user.role}}} {{{user.account_status}}} \">\n\t\t\t\t\t<span class=\"um-member-status {{{user.account_status}}}\">\n\t\t\t\t\t\t{{{user.account_status_name}}}\n\t\t\t\t\t<\/span>\n\t\t\t\t\t<div class=\"um-member-card-container\">\n\t\t\t\t\t\t\t\t\t\t\t\t\t<div class=\"um-member-photo radius-1\">\n\t\t\t\t\t\t\t\t<a href=\"{{{user.profile_url}}}\" title=\"<# if ( user.display_name ) { #>{{{user.display_name}}}<# } #>\">\n\t\t\t\t\t\t\t\t\t{{{user.avatar}}}\n\n\t\t\t\t\t\t\t\t\t\t\t\t\t\t\t\t\t<\/a>\n\t\t\t\t\t\t\t<\/div>\n\t\t\t\t\t\t\n\t\t\t\t\t\t<div class=\"um-member-card \">\n\t\t\t\t\t\t\t<div class=\"um-member-card-content\">\n\t\t\t\t\t\t\t\t<div class=\"um-member-card-header\">\n\t\t\t\t\t\t\t\t\t\t\t\t\t\t\t\t\t\t\t<# if ( user.display_name_html ) { #>\n\t\t\t\t\t\t\t\t\t\t\t<div class=\"um-member-name\">\n\t\t\t\t\t\t\t\t\t\t\t\t<a href=\"{{{user.profile_url}}}\" title=\"<# if ( user.display_name ) { #>{{{user.display_name}}}<# } #>\">\n\t\t\t\t\t\t\t\t\t\t\t\t\t{{{user.display_name_html}}}\n\t\t\t\t\t\t\t\t\t\t\t\t<\/a>\n\t\t\t\t\t\t\t\t\t\t\t<\/div>\n\t\t\t\t\t\t\t\t\t\t<# } #>\n\t\t\t\t\t\t\t\t\t\n\t\t\t\t\t\t\t\t\t{{{user.hook_just_after_name}}}\n\n\t\t\t\t\t\t\t\t\t\n\t\t\t\t\t\t\t\t\t{{{user.hook_after_user_name}}}\n\t\t\t\t\t\t\t\t<\/div>\n\n\t\t\t\t\t\t\t\t\n\t\t\t\t\t\t\t\t\t\t<# if ( typeof user['description'] !== 'undefined' ) { #>\n\t\t\t\t\t\t\t\t\t\t\t<div class=\"um-member-tagline um-member-tagline-description\"\n\t\t\t\t\t\t\t\t\t\t\t     data-key=\"description\">\n\t\t\t\t\t\t\t\t\t\t\t\t{{{user['description']}}}\n\t\t\t\t\t\t\t\t\t\t\t<\/div>\n\t\t\t\t\t\t\t\t\t\t<# } #>\n\n\t\t\t\t\t\t\t\t\t\n\t\t\t\t\t\t\t\t\t<# var $show_block = false; #>\n\n\t\t\t\t\t\t\t\t\t\n\t\t\t\t\t\t\t\t\t\t<# if ( typeof user['country'] !== 'undefined' ) {\n\t\t\t\t\t\t\t\t\t\t\t$show_block = true;\n\t\t\t\t\t\t\t\t\t\t} #>\n\t\t\t\t\t\t\t\t\t\n\t\t\t\t\t\t\t\t\t<# if ( $show_block ) { #>\n\t\t\t\t\t\t\t\t\t\t<div class=\"um-member-meta-main\">\n\n\t\t\t\t\t\t\t\t\t\t\t<div class=\"um-member-meta\">\n\t\t\t\t\t\t\t\t\t\t\t\t\n\t\t\t\t\t\t\t\t\t\t\t\t\t<# if ( typeof user['country'] !== 'undefined' ) { #>\n\t\t\t\t\t\t\t\t\t\t\t\t\t<div class=\"um-member-metaline um-member-metaline-country\">\n\t\t\t\t\t\t\t\t\t\t\t\t\t\t<strong>{{{user['label_country']}}}:<\/strong>&nbsp;{{{user['country']}}}\n\t\t\t\t\t\t\t\t\t\t\t\t\t<\/div>\n\t\t\t\t\t\t\t\t\t\t\t\t\t<# } #>\n\n\t\t\t\t\t\t\t\t\t\t\t\t\t\t\t\t\t\t\t\t\t\t\t<\/div>\n\t\t\t\t\t\t\t\t\t\t<\/div>\n\t\t\t\t\t\t\t\t\t<# } #>\n\t\t\t\t\t\t\t\t\t\t\t\t\t\t\t<\/div>\n\n\t\t\t\t\t\t\t<div class=\"um-member-card-actions\">\n\n\t\t\t\t\t\t\t\t<# if ( Object.keys( user.dropdown_actions ).length > 0 ) { #>\n\t\t\t\t\t\t\t\t\t<div class=\"um-member-cog\">\n\t\t\t\t\t\t\t\t\t\t<a href=\"javascript:void(0);\" class=\"um-member-actions-a\">\n\t\t\t\t\t\t\t\t\t\t\t<i class=\"um-faicon-cog\"><\/i>\n\t\t\t\t\t\t\t\t\t\t<\/a>\n\t\t\t\t\t\t\t\t\t\t\n\t\t\t<div class=\"um-new-dropdown\" data-element=\".um-member-cog\" data-trigger=\"click\" data-parent=\"\">\n\t\t\t\t<ul>\n\t\t\t\t\t<# _.each( user.dropdown_actions, function( action, key, list ) { #>\n\t\t\t\t\t\t<li><a href=\"<# if ( typeof action.url != 'undefined' ) { #>{{{action.url}}}<# } else { #>javascript:void(0);<# }#>\" class=\"{{{key}}}\">{{{action.title}}}<\/a><\/li>\n\t\t\t\t\t<# }); #>\n\t\t\t\t<\/ul>\n\t\t\t<\/div>\n\n\t\t\t\t\t\t\t\t\t\t\t\t<\/div>\n\t\t\t\t\t\t\t\t<# } #>\n\n\t\t\t\t\t\t\t<\/div>\n\n\t\t\t\t\t\t<\/div>\n\t\t\t\t\t<\/div>\n\t\t\t\t\t<div class=\"um-member-card-footer  <# if ( ! $show_block ) { #>no-reveal<# } #>\">\n\n\t\t\t\t\t\t<div class=\"um-member-card-footer-buttons\">\n\t\t\t\t\t\t\t\t\t\t\t\t\t<\/div>\n\n\t\t\t\t\t\t\t\t\t\t\t\t\t<# if ( $show_block ) { #>\n\t\t\t\t\t\t\t\t<div class=\"um-member-card-reveal-buttons\">\n\t\t\t\t\t\t\t\t\t<div class=\"um-member-more\">\n\t\t\t\t\t\t\t\t\t\t<a href=\"javascript:void(0);\"><i class=\"um-faicon-angle-down\"><\/i><\/a>\n\t\t\t\t\t\t\t\t\t<\/div>\n\t\t\t\t\t\t\t\t\t<div class=\"um-member-less\">\n\t\t\t\t\t\t\t\t\t\t<a href=\"javascript:void(0);\"><i class=\"um-faicon-angle-up\"><\/i><\/a>\n\t\t\t\t\t\t\t\t\t<\/div>\n\t\t\t\t\t\t\t\t<\/div>\n\t\t\t\t\t\t\t<# } #>\n\t\t\t\t\t\t\t\t\t\t\t<\/div>\n\t\t\t\t<\/div>\n\n\t\t\t<# }); #>\n\t\t<# } else { #>\n\n\t\t\t<div class=\"um-members-none\">\n\t\t\t\t<p>We are sorry. We cannot find any users who match your search criteria.<\/p>\n\t\t\t<\/div>\n\n\t\t<# } #>\n\n\t<\/div>\n<\/script>\n\n\n<script type=\"text\/template\" id=\"tmpl-um-members-header\">\n\t<div class=\"um-members-intro\">\n\t\t<div class=\"um-members-total\">\n\t\t\t<# if ( data.pagination.total_users == 1 ) { #>\n\t\t\t\t{{{data.pagination.header_single}}}\n\t\t\t<# } else if ( data.pagination.total_users > 1 ) { #>\n\t\t\t\t{{{data.pagination.header}}}\n\t\t\t<# } #>\n\t\t<\/div>\n\t<\/div>\n\n\t<div class=\"um-clear\"><\/div>\n<\/script>\n\n\n<script type=\"text\/template\" id=\"tmpl-um-members-pagination\">\n\t<# if ( data.pagination.pages_to_show.length > 0 ) { #>\n\t\t<div class=\"um-members-pagidrop uimob340-show uimob500-show\">\n\t\t\tSaltar a la p\u00e1gina:\t\t\t<select class=\"um-s2 um-members-pagi-dropdown\" style=\"width: 100px;display:inline-block;\">\n\t\t\t\t<# _.each( data.pagination.pages_to_show, function( page, key, list ) { #>\n\t\t\t\t\t<option value=\"{{{page}}}\" <# if ( page == data.pagination.current_page ) { #>selected<# } #>>{{{page}}} de {{{data.pagination.total_pages}}}<\/option>\n\t\t\t\t<# }); #>\n\t\t\t<\/select>\n\t\t<\/div>\n\n\t\t<div class=\"um-members-pagi uimob340-hide uimob500-hide\">\n\t\t\t<span class=\"pagi pagi-arrow <# if ( data.pagination.current_page == 1 ) { #>disabled<# } #>\" data-page=\"first\" aria-label=\"Primera p\u00e1gina\"><i class=\"um-faicon-angle-double-left\"><\/i><\/span>\n\t\t\t<span class=\"pagi pagi-arrow <# if ( data.pagination.current_page == 1 ) { #>disabled<# } #>\" data-page=\"prev\" aria-label=\"P\u00e1gina anterior\"><i class=\"um-faicon-angle-left\"><\/i><\/span>\n\n\t\t\t<# _.each( data.pagination.pages_to_show, function( page, key, list ) { #>\n\t\t\t\t<span class=\"pagi <# if ( page == data.pagination.current_page ) { #>current<# } #>\" data-page=\"{{{page}}}\">{{{page}}}<\/span>\n\t\t\t<# }); #>\n\n\t\t\t<span class=\"pagi pagi-arrow <# if ( data.pagination.current_page == data.pagination.total_pages ) { #>disabled<# } #>\" data-page=\"next\" aria-label=\"P\u00e1gina siguiente\"><i class=\"um-faicon-angle-right\"><\/i><\/span>\n\t\t\t<span class=\"pagi pagi-arrow <# if ( data.pagination.current_page == data.pagination.total_pages ) { #>disabled<# } #>\" data-page=\"last\" aria-label=\"\u00daltima p\u00e1gina\"><i class=\"um-faicon-angle-double-right\"><\/i><\/span>\n\t\t<\/div>\n\t<# } #>\n<\/script>\n\n<div class=\"um um-directory um-Pl4r4\"\n\t data-hash=\"Pl4r4\" data-base-post=\"585\"\n\t data-must-search=\"0\" data-searched=\"1\"\n\t data-view_type=\"list\" data-page=\"1\"\n\t data-sorting=\"\">\n\t<div class=\"um-members-overlay\"><div class=\"um-ajax-loading\"><\/div><\/div>\n\n\t<div class=\"um-member-directory-header um-form\">\n\n\t\t\n\t\t\t\t\t<div class=\"um-member-directory-header-row\">\n\t\t\t\t<div class=\"um-member-directory-nav-line\">\n\t\t\t\t\t\t\t\t\t\t\t\t\t\t<span class=\"um-member-directory-view-type\">\n\t\t\t\t\t\t\t\t\t\n\t\t\t\t\t\t\t\t<a href=\"javascript:void(0)\"\n\t\t\t\t\t\t\t\t\tclass=\"um-member-directory-view-type-a um-tip-n\"\n\t\t\t\t\t\t\t\t\tdata-type=\"grid\"\n\t\t\t\t\t\t\t\t\tdata-default=\"0\"\n\t\t\t\t\t\t\t\t\ttitle=\"Cambiar a Cuadr\u00edcula\"\n\t\t\t\t\t\t\t\t\tdefault-title=\"Cuadr\u00edcula\"\n\t\t\t\t\t\t\t\t\tnext-item=\"\" ><i class=\"um-faicon-th\"><\/i><\/a>\n\t\t\t\t\t\t\t\t\n\t\t\t\t\t\t\t\t<a href=\"javascript:void(0)\"\n\t\t\t\t\t\t\t\t\tclass=\"um-member-directory-view-type-a um-tip-n\"\n\t\t\t\t\t\t\t\t\tdata-type=\"list\"\n\t\t\t\t\t\t\t\t\tdata-default=\"1\"\n\t\t\t\t\t\t\t\t\ttitle=\"Cambiar a Lista\"\n\t\t\t\t\t\t\t\t\tdefault-title=\"Lista\"\n\t\t\t\t\t\t\t\t\tnext-item=\"\" ><i class=\"um-faicon-list\"><\/i><\/a>\n\t\t\t\t\t\t\t\t\t\t\t\t\t\t\t<\/span>\n\t\t\t\t\t\t\t\t\t\t\t<\/div>\n\t\t\t<\/div>\n\t\t\n\n\t\t\t<\/div>\n\n\t<div class=\"um-members-wrapper\"><\/div>\n\n\t<div class=\"um-members-pagination-box\"><\/div>\n\n\t\n<\/div>\n\n\n\n<div class=\"wp-block-group alignfull has-text-color has-background is-layout-flow wp-block-group-is-layout-flow\" style=\"color:#000000;background-color:#ffffff\">\n<p class=\"has-text-align-center has-medium-font-size\" style=\"line-height:.9\"><strong>Reg\u00edstrate<\/strong>&#8230;<\/p>\n\n\n\n<h2 class=\"wp-block-heading has-text-align-center\" id=\"schedule-a-visit\" style=\"font-size:40px;line-height:1.15\"><strong>Forma Parte de Nuestro Equipo<\/strong><\/h2>\n\n\n\n<div class=\"wp-block-buttons has-custom-font-size has-large-font-size is-horizontal is-content-justification-center is-layout-flex wp-container-core-buttons-is-layout-03627597 wp-block-buttons-is-layout-flex\">\n<div class=\"wp-block-button has-custom-width wp-block-button__width-50\"><a class=\"wp-block-button__link has-text-color has-background wp-element-button\" href=\"https:\/\/psicoeducandonos.org\/index.php\/registro-profesionales\/\" style=\"border-radius:50px;color:#ffffff;background-color:#000000\">Registro de Profesionales<\/a><\/div>\n<\/div>\n\n\n\n<div style=\"height:64px\" aria-hidden=\"true\" class=\"wp-block-spacer\"><\/div>\n<\/div>\n","protected":false},"excerpt":{"rendered":"<p>Directorio Profesional Reg\u00edstrate&#8230; Forma Parte de Nuestro Equipo<\/p>\n","protected":false},"author":3,"featured_media":0,"parent":0,"menu_order":0,"comment_status":"closed","ping_status":"closed","template":"","meta":{"site-sidebar-layout":"default","site-content-layout":"","ast-site-content-layout":"default","site-content-style":"default","site-sidebar-style":"default","ast-global-header-display":"","ast-banner-title-visibility":"","ast-main-header-display":"","ast-hfb-above-header-display":"","ast-hfb-below-header-display":"","ast-hfb-mobile-header-display":"","site-post-title":"disabled","ast-breadcrumbs-content":"","ast-featured-img":"","footer-sml-layout":"","ast-disable-related-posts":"","theme-transparent-header-meta":"","adv-header-id-meta":"","stick-header-meta":"","header-above-stick-meta":"","header-main-stick-meta":"","header-below-stick-meta":"","astra-migrate-meta-layouts":"default","ast-page-background-enabled":"default","ast-page-background-meta":{"desktop":{"background-color":"var(--ast-global-color-4)","background-image":"","background-repeat":"repeat","background-position":"center center","background-size":"auto","background-attachment":"scroll","background-type":"","background-media":"","overlay-type":"","overlay-color":"","overlay-opacity":"","overlay-gradient":""},"tablet":{"background-color":"","background-image":"","background-repeat":"repeat","background-position":"center center","background-size":"auto","background-attachment":"scroll","background-type":"","background-media":"","overlay-type":"","overlay-color":"","overlay-opacity":"","overlay-gradient":""},"mobile":{"background-color":"","background-image":"","background-repeat":"repeat","background-position":"center center","background-size":"auto","background-attachment":"scroll","background-type":"","background-media":"","overlay-type":"","overlay-color":"","overlay-opacity":"","overlay-gradient":""}},"ast-content-background-meta":{"desktop":{"background-color":"var(--ast-global-color-5)","background-image":"","background-repeat":"repeat","background-position":"center center","background-size":"auto","background-attachment":"scroll","background-type":"","background-media":"","overlay-type":"","overlay-color":"","overlay-opacity":"","overlay-gradient":""},"tablet":{"background-color":"var(--ast-global-color-5)","background-image":"","background-repeat":"repeat","background-position":"center center","background-size":"auto","background-attachment":"scroll","background-type":"","background-media":"","overlay-type":"","overlay-color":"","overlay-opacity":"","overlay-gradient":""},"mobile":{"background-color":"var(--ast-global-color-5)","background-image":"","background-repeat":"repeat","background-position":"center center","background-size":"auto","background-attachment":"scroll","background-type":"","background-media":"","overlay-type":"","overlay-color":"","overlay-opacity":"","overlay-gradient":""}},"footnotes":""},"class_list":["post-585","page","type-page","status-publish","hentry"],"yoast_head":"<!-- This site is optimized with the Yoast SEO plugin v27.4 - https:\/\/yoast.com\/product\/yoast-seo-wordpress\/ -->\n<title>Directorio - Psicoeducandonos<\/title>\n<meta name=\"description\" content=\"Directorio Profesional de psic\u00f3logos y consejeros cristianos en l\u00ednea. Reserva consultas, talleres y sesiones de orientaci\u00f3n espiritual.\" \/>\n<meta name=\"robots\" content=\"noindex, follow\" \/>\n<meta property=\"og:locale\" content=\"es_ES\" \/>\n<meta property=\"og:type\" content=\"article\" \/>\n<meta property=\"og:title\" content=\"Directorio - Psicoeducandonos\" \/>\n<meta property=\"og:description\" content=\"Directorio Profesional de psic\u00f3logos y consejeros cristianos en l\u00ednea. Reserva consultas, talleres y sesiones de orientaci\u00f3n espiritual.\" \/>\n<meta property=\"og:url\" content=\"https:\/\/psicoeducandonos.org\/index.php\/directorio\/\" \/>\n<meta property=\"og:site_name\" content=\"Psicoeducandonos\" \/>\n<meta property=\"article:modified_time\" content=\"2025-10-23T20:42:57+00:00\" \/>\n<meta name=\"twitter:card\" content=\"summary_large_image\" \/>\n<meta name=\"twitter:label1\" content=\"Tiempo de lectura\" \/>\n\t<meta name=\"twitter:data1\" content=\"1 minuto\" \/>\n<script type=\"application\/ld+json\" class=\"yoast-schema-graph\">{\"@context\":\"https:\\\/\\\/schema.org\",\"@graph\":[{\"@type\":\"WebPage\",\"@id\":\"https:\\\/\\\/psicoeducandonos.org\\\/index.php\\\/directorio\\\/\",\"url\":\"https:\\\/\\\/psicoeducandonos.org\\\/index.php\\\/directorio\\\/\",\"name\":\"Directorio - Psicoeducandonos\",\"isPartOf\":{\"@id\":\"https:\\\/\\\/psicoeducandonos.org\\\/#website\"},\"datePublished\":\"2025-10-22T15:36:47+00:00\",\"dateModified\":\"2025-10-23T20:42:57+00:00\",\"description\":\"Directorio Profesional de psic\u00f3logos y consejeros cristianos en l\u00ednea. Reserva consultas, talleres y sesiones de orientaci\u00f3n espiritual.\",\"breadcrumb\":{\"@id\":\"https:\\\/\\\/psicoeducandonos.org\\\/index.php\\\/directorio\\\/#breadcrumb\"},\"inLanguage\":\"es\",\"potentialAction\":[{\"@type\":\"ReadAction\",\"target\":[\"https:\\\/\\\/psicoeducandonos.org\\\/index.php\\\/directorio\\\/\"]}]},{\"@type\":\"BreadcrumbList\",\"@id\":\"https:\\\/\\\/psicoeducandonos.org\\\/index.php\\\/directorio\\\/#breadcrumb\",\"itemListElement\":[{\"@type\":\"ListItem\",\"position\":1,\"name\":\"Inicio\",\"item\":\"https:\\\/\\\/psicoeducandonos.org\\\/\"},{\"@type\":\"ListItem\",\"position\":2,\"name\":\"Directorio\"}]},{\"@type\":\"WebSite\",\"@id\":\"https:\\\/\\\/psicoeducandonos.org\\\/#website\",\"url\":\"https:\\\/\\\/psicoeducandonos.org\\\/\",\"name\":\"Psicoeducandonos\",\"description\":\"Psicologia Profesional Online\",\"publisher\":{\"@id\":\"https:\\\/\\\/psicoeducandonos.org\\\/#organization\"},\"potentialAction\":[{\"@type\":\"SearchAction\",\"target\":{\"@type\":\"EntryPoint\",\"urlTemplate\":\"https:\\\/\\\/psicoeducandonos.org\\\/?s={search_term_string}\"},\"query-input\":{\"@type\":\"PropertyValueSpecification\",\"valueRequired\":true,\"valueName\":\"search_term_string\"}}],\"inLanguage\":\"es\"},{\"@type\":\"Organization\",\"@id\":\"https:\\\/\\\/psicoeducandonos.org\\\/#organization\",\"name\":\"Psicoeducandonos\",\"url\":\"https:\\\/\\\/psicoeducandonos.org\\\/\",\"logo\":{\"@type\":\"ImageObject\",\"inLanguage\":\"es\",\"@id\":\"https:\\\/\\\/psicoeducandonos.org\\\/#\\\/schema\\\/logo\\\/image\\\/\",\"url\":\"https:\\\/\\\/psicoeducandonos.org\\\/wp-content\\\/uploads\\\/2024\\\/02\\\/E.png\",\"contentUrl\":\"https:\\\/\\\/psicoeducandonos.org\\\/wp-content\\\/uploads\\\/2024\\\/02\\\/E.png\",\"width\":500,\"height\":500,\"caption\":\"Psicoeducandonos\"},\"image\":{\"@id\":\"https:\\\/\\\/psicoeducandonos.org\\\/#\\\/schema\\\/logo\\\/image\\\/\"}}]}<\/script>\n<!-- \/ Yoast SEO plugin. -->","yoast_head_json":{"title":"Directorio - Psicoeducandonos","description":"Directorio Profesional de psic\u00f3logos y consejeros cristianos en l\u00ednea. Reserva consultas, talleres y sesiones de orientaci\u00f3n espiritual.","robots":{"index":"noindex","follow":"follow"},"og_locale":"es_ES","og_type":"article","og_title":"Directorio - Psicoeducandonos","og_description":"Directorio Profesional de psic\u00f3logos y consejeros cristianos en l\u00ednea. Reserva consultas, talleres y sesiones de orientaci\u00f3n espiritual.","og_url":"https:\/\/psicoeducandonos.org\/index.php\/directorio\/","og_site_name":"Psicoeducandonos","article_modified_time":"2025-10-23T20:42:57+00:00","twitter_card":"summary_large_image","twitter_misc":{"Tiempo de lectura":"1 minuto"},"schema":{"@context":"https:\/\/schema.org","@graph":[{"@type":"WebPage","@id":"https:\/\/psicoeducandonos.org\/index.php\/directorio\/","url":"https:\/\/psicoeducandonos.org\/index.php\/directorio\/","name":"Directorio - Psicoeducandonos","isPartOf":{"@id":"https:\/\/psicoeducandonos.org\/#website"},"datePublished":"2025-10-22T15:36:47+00:00","dateModified":"2025-10-23T20:42:57+00:00","description":"Directorio Profesional de psic\u00f3logos y consejeros cristianos en l\u00ednea. Reserva consultas, talleres y sesiones de orientaci\u00f3n espiritual.","breadcrumb":{"@id":"https:\/\/psicoeducandonos.org\/index.php\/directorio\/#breadcrumb"},"inLanguage":"es","potentialAction":[{"@type":"ReadAction","target":["https:\/\/psicoeducandonos.org\/index.php\/directorio\/"]}]},{"@type":"BreadcrumbList","@id":"https:\/\/psicoeducandonos.org\/index.php\/directorio\/#breadcrumb","itemListElement":[{"@type":"ListItem","position":1,"name":"Inicio","item":"https:\/\/psicoeducandonos.org\/"},{"@type":"ListItem","position":2,"name":"Directorio"}]},{"@type":"WebSite","@id":"https:\/\/psicoeducandonos.org\/#website","url":"https:\/\/psicoeducandonos.org\/","name":"Psicoeducandonos","description":"Psicologia Profesional Online","publisher":{"@id":"https:\/\/psicoeducandonos.org\/#organization"},"potentialAction":[{"@type":"SearchAction","target":{"@type":"EntryPoint","urlTemplate":"https:\/\/psicoeducandonos.org\/?s={search_term_string}"},"query-input":{"@type":"PropertyValueSpecification","valueRequired":true,"valueName":"search_term_string"}}],"inLanguage":"es"},{"@type":"Organization","@id":"https:\/\/psicoeducandonos.org\/#organization","name":"Psicoeducandonos","url":"https:\/\/psicoeducandonos.org\/","logo":{"@type":"ImageObject","inLanguage":"es","@id":"https:\/\/psicoeducandonos.org\/#\/schema\/logo\/image\/","url":"https:\/\/psicoeducandonos.org\/wp-content\/uploads\/2024\/02\/E.png","contentUrl":"https:\/\/psicoeducandonos.org\/wp-content\/uploads\/2024\/02\/E.png","width":500,"height":500,"caption":"Psicoeducandonos"},"image":{"@id":"https:\/\/psicoeducandonos.org\/#\/schema\/logo\/image\/"}}]}},"_hostinger_reach_plugin_has_subscription_block":false,"_hostinger_reach_plugin_is_elementor":false,"_links":{"self":[{"href":"https:\/\/psicoeducandonos.org\/index.php\/wp-json\/wp\/v2\/pages\/585","targetHints":{"allow":["GET"]}}],"collection":[{"href":"https:\/\/psicoeducandonos.org\/index.php\/wp-json\/wp\/v2\/pages"}],"about":[{"href":"https:\/\/psicoeducandonos.org\/index.php\/wp-json\/wp\/v2\/types\/page"}],"author":[{"embeddable":true,"href":"https:\/\/psicoeducandonos.org\/index.php\/wp-json\/wp\/v2\/users\/3"}],"replies":[{"embeddable":true,"href":"https:\/\/psicoeducandonos.org\/index.php\/wp-json\/wp\/v2\/comments?post=585"}],"version-history":[{"count":6,"href":"https:\/\/psicoeducandonos.org\/index.php\/wp-json\/wp\/v2\/pages\/585\/revisions"}],"predecessor-version":[{"id":720,"href":"https:\/\/psicoeducandonos.org\/index.php\/wp-json\/wp\/v2\/pages\/585\/revisions\/720"}],"wp:attachment":[{"href":"https:\/\/psicoeducandonos.org\/index.php\/wp-json\/wp\/v2\/media?parent=585"}],"curies":[{"name":"wp","href":"https:\/\/api.w.org\/{rel}","templated":true}]}}